{"id":8861,"date":"2023-07-15T15:08:59","date_gmt":"2023-07-15T14:08:59","guid":{"rendered":"https:\/\/thermo-fluides.com\/fr\/?page_id=8861"},"modified":"2023-09-14T14:47:43","modified_gmt":"2023-09-14T13:47:43","slug":"our-services","status":"publish","type":"page","link":"https:\/\/thermo-fluides.com\/fr\/our-services\/","title":{"rendered":"Nos services"},"content":{"rendered":"\t\t<div data-elementor-type=\"wp-page\" data-elementor-id=\"8861\" class=\"elementor elementor-8861\">\n\t\t\t\t\t\t<div class=\"elementor-inner\">\n\t\t\t\t<div class=\"elementor-section-wrap\">\n\t\t\t\t\t\t\t\t\t<section class=\"elementor-section elementor-top-section elementor-element elementor-element-aa1420f elementor-section-boxed elementor-section-height-default elementor-section-height-default\" data-id=\"aa1420f\" data-element_type=\"section\">\n\t\t\t\t\t\t\t<div class=\"elementor-background-overlay\"><\/div>\n\t\t\t\t\t\t\t<div class=\"elementor-container elementor-column-gap-default\">\n\t\t\t\t\t\t\t<div class=\"elementor-row\">\n\t\t\t\t\t<div class=\"elementor-column elementor-col-100 elementor-top-column elementor-element elementor-element-2b1e18f\" data-id=\"2b1e18f\" data-element_type=\"column\">\n\t\t\t<div class=\"elementor-column-wrap elementor-element-populated\">\n\t\t\t\t\t\t\t<div class=\"elementor-widget-wrap\">\n\t\t\t\t\t\t<div class=\"elementor-element elementor-element-4d5de6c elementor-widget elementor-widget-auntri_elementor_heading\" data-id=\"4d5de6c\" data-element_type=\"widget\" data-widget_type=\"auntri_elementor_heading.default\">\n\t\t\t\t<div class=\"elementor-widget-container\">\n\t\t\t\n\t\t<div class=\"ova-title\">\n\n\t\t\t\n\t\t\t\t\t\t\t\n\t\t\t\t\t\t\t\t\t<div class=\"box-title\">\n\t\t\t\t\t\t<div class=\"line-top\"><\/div>\n\t\t\t\t\n\t\t\t\t\t\n\t\t\t\t\t\t<h2 class=\"title\">Services Thermo Fluides <\/h2>\n\n\t\t\t\t\t\n\t\t\t\t\t\t\t\t\t<\/div>\n\t\t\t\t\n\t\t\t\n\t\t\t\n\t\t<\/div>\n\t\t \t\n\t\t\t\t<\/div>\n\t\t\t\t<\/div>\n\t\t\t\t\t\t<\/div>\n\t\t\t\t\t<\/div>\n\t\t<\/div>\n\t\t\t\t\t\t\t\t<\/div>\n\t\t\t\t\t<\/div>\n\t\t<\/section>\n\t\t\t\t<section class=\"elementor-section elementor-top-section elementor-element elementor-element-4745cec elementor-section-boxed elementor-section-height-default elementor-section-height-default\" data-id=\"4745cec\" data-element_type=\"section\">\n\t\t\t\t\t\t\t<div class=\"elementor-background-overlay\"><\/div>\n\t\t\t\t\t\t\t<div class=\"elementor-container elementor-column-gap-default\">\n\t\t\t\t\t\t\t<div class=\"elementor-row\">\n\t\t\t\t\t<div class=\"elementor-column elementor-col-100 elementor-top-column elementor-element elementor-element-c027f92\" data-id=\"c027f92\" data-element_type=\"column\">\n\t\t\t<div class=\"elementor-column-wrap elementor-element-populated\">\n\t\t\t\t\t\t\t<div class=\"elementor-widget-wrap\">\n\t\t\t\t\t\t<div class=\"elementor-element elementor-element-d8216f9 elementor-widget elementor-widget-ovasev_elementor_service_slider\" data-id=\"d8216f9\" data-element_type=\"widget\" data-settings=\"{&quot;pause_on_hover&quot;:&quot;yes&quot;,&quot;infinite&quot;:&quot;yes&quot;,&quot;nav_control&quot;:&quot;yes&quot;}\" data-widget_type=\"ovasev_elementor_service_slider.default\">\n\t\t\t\t<div class=\"elementor-widget-container\">\n\t\t\t\n<div class=\"ova-service-slider\">\n\n\t<div class=\"slide-service owl-carousel owl-theme\" data-options=\"{&quot;items&quot;:2,&quot;slideBy&quot;:1,&quot;margin&quot;:60,&quot;autoplayHoverPause&quot;:true,&quot;loop&quot;:true,&quot;autoplay&quot;:false,&quot;autoplayTimeout&quot;:30000,&quot;smartSpeed&quot;:500,&quot;nav&quot;:true}\">\n\n\t\t\n           \n\n\t<div class=\"ova-service-box-template ova-service-box-template1\">\n\n\t\t<div class=\"square\"><\/div>\n\t\t\n\t    <div class=\"img-service\">\n\n\t    \t<a href=\"https:\/\/thermo-fluides.com\/fr\/services\/design-engineering\/\"  title=\"Ing\u00e9nierie de conception\">\n\t    \t\t<img decoding=\"async\" src=\"https:\/\/thermo-fluides.com\/fr\/wp-content\/uploads\/2023\/07\/employe-noir-chef-projet-analysant-pieces-metalliques-mecaniques-min-550x470.jpg\" alt=\"Ing\u00e9nierie de conception\">\n\t    \t<\/a>\n\n\t    \t\t\t\t\t<div class=\"icon\">\n\t\t\t\t\t<i class=\"flaticon flaticon-construction\"><\/i>\n\t\t\t\t<\/div>\n\t\t\t\t    <\/div>\n\t    \n\t    <div class=\"info\">\n\n\t    \t<a href=\"https:\/\/thermo-fluides.com\/fr\/services\/design-engineering\/\"  title=\"Ing\u00e9nierie de conception\">\n\n\t\t        \t\t\t\t\t<h4 class=\"title\">\n\t\t\t\t\t\tIng\u00e9nierie de conception\t\t\t\t\t<\/h4>\n\t\t\t\t\n\t\t\t<\/a>\n\n\t\t\t<a class=\"next-button\" href=\"https:\/\/thermo-fluides.com\/fr\/services\/design-engineering\/\"  title=\"Ing\u00e9nierie de conception\">\n\t\t\t\t<i aria-hidden=\"true\" class=\"flaticon flaticon-right-arrow\"><\/i>\n\t\t\t<\/a>\n\n\t    <\/div>\n\n\t<\/div>\n\t\t\n           \n\n\t<div class=\"ova-service-box-template ova-service-box-template1\">\n\n\t\t<div class=\"square\"><\/div>\n\t\t\n\t    <div class=\"img-service\">\n\n\t    \t<a href=\"https:\/\/thermo-fluides.com\/fr\/services\/expertise\/\"  title=\"Expertise\">\n\t    \t\t<img decoding=\"async\" src=\"https:\/\/thermo-fluides.com\/fr\/wp-content\/uploads\/2023\/07\/2-expertise-550x470.jpg\" alt=\"Expertise\">\n\t    \t<\/a>\n\n\t    \t\t\t\t\t<div class=\"icon\">\n\t\t\t\t\t<i class=\"flaticon flaticon-construction\"><\/i>\n\t\t\t\t<\/div>\n\t\t\t\t    <\/div>\n\t    \n\t    <div class=\"info\">\n\n\t    \t<a href=\"https:\/\/thermo-fluides.com\/fr\/services\/expertise\/\"  title=\"Expertise\">\n\n\t\t        \t\t\t\t\t<h4 class=\"title\">\n\t\t\t\t\t\tExpertise\t\t\t\t\t<\/h4>\n\t\t\t\t\n\t\t\t<\/a>\n\n\t\t\t<a class=\"next-button\" href=\"https:\/\/thermo-fluides.com\/fr\/services\/expertise\/\"  title=\"Expertise\">\n\t\t\t\t<i aria-hidden=\"true\" class=\"flaticon flaticon-right-arrow\"><\/i>\n\t\t\t<\/a>\n\n\t    <\/div>\n\n\t<\/div>\n\t\t\n\t<\/div>\n\n<\/div>\n\t\t<\/div>\n\t\t\t\t<\/div>\n\t\t\t\t\t\t<\/div>\n\t\t\t\t\t<\/div>\n\t\t<\/div>\n\t\t\t\t\t\t\t\t<\/div>\n\t\t\t\t\t<\/div>\n\t\t<\/section>\n\t\t\t\t<section class=\"elementor-section elementor-top-section elementor-element elementor-element-5a7f435 elementor-section-boxed elementor-section-height-default elementor-section-height-default\" data-id=\"5a7f435\" data-element_type=\"section\">\n\t\t\t\t\t\t\t<div class=\"elementor-background-overlay\"><\/div>\n\t\t\t\t\t\t\t<div class=\"elementor-container elementor-column-gap-default\">\n\t\t\t\t\t\t\t<div class=\"elementor-row\">\n\t\t\t\t\t<div class=\"elementor-column elementor-col-100 elementor-top-column elementor-element elementor-element-d504934\" data-id=\"d504934\" data-element_type=\"column\">\n\t\t\t<div class=\"elementor-column-wrap elementor-element-populated\">\n\t\t\t\t\t\t\t<div class=\"elementor-widget-wrap\">\n\t\t\t\t\t\t<div class=\"elementor-element elementor-element-d8ae5ca elementor-widget elementor-widget-ovasev_elementor_service_slider\" data-id=\"d8ae5ca\" data-element_type=\"widget\" data-settings=\"{&quot;pause_on_hover&quot;:&quot;yes&quot;,&quot;infinite&quot;:&quot;yes&quot;,&quot;nav_control&quot;:&quot;yes&quot;}\" data-widget_type=\"ovasev_elementor_service_slider.default\">\n\t\t\t\t<div class=\"elementor-widget-container\">\n\t\t\t\n<div class=\"ova-service-slider\">\n\n\t<div class=\"slide-service owl-carousel owl-theme\" data-options=\"{&quot;items&quot;:2,&quot;slideBy&quot;:1,&quot;margin&quot;:60,&quot;autoplayHoverPause&quot;:true,&quot;loop&quot;:true,&quot;autoplay&quot;:false,&quot;autoplayTimeout&quot;:300000,&quot;smartSpeed&quot;:1000,&quot;nav&quot;:true}\">\n\n\t\t\n           \n\n\t<div class=\"ova-service-box-template ova-service-box-template1\">\n\n\t\t<div class=\"square\"><\/div>\n\t\t\n\t    <div class=\"img-service\">\n\n\t    \t<a href=\"https:\/\/thermo-fluides.com\/fr\/services\/procurement\/\"  title=\"Approvisionnement des \u00e9quipements\">\n\t    \t\t<img decoding=\"async\" src=\"https:\/\/thermo-fluides.com\/fr\/wp-content\/uploads\/2023\/07\/3-procurement-550x470.jpg\" alt=\"Approvisionnement des \u00e9quipements\">\n\t    \t<\/a>\n\n\t    \t\t\t\t\t<div class=\"icon\">\n\t\t\t\t\t<i class=\"flaticon flaticon-construction\"><\/i>\n\t\t\t\t<\/div>\n\t\t\t\t    <\/div>\n\t    \n\t    <div class=\"info\">\n\n\t    \t<a href=\"https:\/\/thermo-fluides.com\/fr\/services\/procurement\/\"  title=\"Approvisionnement des \u00e9quipements\">\n\n\t\t        \t\t\t\t\t<h4 class=\"title\">\n\t\t\t\t\t\tApprovisionnement des \u00e9quipements\t\t\t\t\t<\/h4>\n\t\t\t\t\n\t\t\t<\/a>\n\n\t\t\t<a class=\"next-button\" href=\"https:\/\/thermo-fluides.com\/fr\/services\/procurement\/\"  title=\"Approvisionnement des \u00e9quipements\">\n\t\t\t\t<i aria-hidden=\"true\" class=\"flaticon flaticon-right-arrow\"><\/i>\n\t\t\t<\/a>\n\n\t    <\/div>\n\n\t<\/div>\n\t\t\n           \n\n\t<div class=\"ova-service-box-template ova-service-box-template1\">\n\n\t\t<div class=\"square\"><\/div>\n\t\t\n\t    <div class=\"img-service\">\n\n\t    \t<a href=\"https:\/\/thermo-fluides.com\/fr\/services\/site-supervision-activities\/\"  title=\"Activit\u00e9s supervision sur site\">\n\t    \t\t<img decoding=\"async\" src=\"https:\/\/thermo-fluides.com\/fr\/wp-content\/uploads\/2023\/07\/Design-sans-titre-8-500x470.png\" alt=\"Activit\u00e9s supervision sur site\">\n\t    \t<\/a>\n\n\t    \t\t\t\t\t<div class=\"icon\">\n\t\t\t\t\t<i class=\"flaticon flaticon-construction\"><\/i>\n\t\t\t\t<\/div>\n\t\t\t\t    <\/div>\n\t    \n\t    <div class=\"info\">\n\n\t    \t<a href=\"https:\/\/thermo-fluides.com\/fr\/services\/site-supervision-activities\/\"  title=\"Activit\u00e9s supervision sur site\">\n\n\t\t        \t\t\t\t\t<h4 class=\"title\">\n\t\t\t\t\t\tActivit\u00e9s supervision sur site\t\t\t\t\t<\/h4>\n\t\t\t\t\n\t\t\t<\/a>\n\n\t\t\t<a class=\"next-button\" href=\"https:\/\/thermo-fluides.com\/fr\/services\/site-supervision-activities\/\"  title=\"Activit\u00e9s supervision sur site\">\n\t\t\t\t<i aria-hidden=\"true\" class=\"flaticon flaticon-right-arrow\"><\/i>\n\t\t\t<\/a>\n\n\t    <\/div>\n\n\t<\/div>\n\t\t\n\t<\/div>\n\n<\/div>\n\t\t<\/div>\n\t\t\t\t<\/div>\n\t\t\t\t\t\t<\/div>\n\t\t\t\t\t<\/div>\n\t\t<\/div>\n\t\t\t\t\t\t\t\t<\/div>\n\t\t\t\t\t<\/div>\n\t\t<\/section>\n\t\t\t\t\t\t\t\t\t<\/div>\n\t\t\t<\/div>\n\t\t\t\t\t<\/div>\n\t\t","protected":false},"excerpt":{"rendered":"<p>Services Thermo Fluides Ing\u00e9nierie de conception Expertise Approvisionnement des \u00e9quipements Activit\u00e9s supervision sur site<\/p>\n","protected":false},"author":1,"featured_media":0,"parent":0,"menu_order":0,"comment_status":"closed","ping_status":"closed","template":"elementor_header_footer","meta":[],"_links":{"self":[{"href":"https:\/\/thermo-fluides.com\/fr\/wp-json\/wp\/v2\/pages\/8861"}],"collection":[{"href":"https:\/\/thermo-fluides.com\/fr\/wp-json\/wp\/v2\/pages"}],"about":[{"href":"https:\/\/thermo-fluides.com\/fr\/wp-json\/wp\/v2\/types\/page"}],"author":[{"embeddable":true,"href":"https:\/\/thermo-fluides.com\/fr\/wp-json\/wp\/v2\/users\/1"}],"replies":[{"embeddable":true,"href":"https:\/\/thermo-fluides.com\/fr\/wp-json\/wp\/v2\/comments?post=8861"}],"version-history":[{"count":47,"href":"https:\/\/thermo-fluides.com\/fr\/wp-json\/wp\/v2\/pages\/8861\/revisions"}],"predecessor-version":[{"id":9211,"href":"https:\/\/thermo-fluides.com\/fr\/wp-json\/wp\/v2\/pages\/8861\/revisions\/9211"}],"wp:attachment":[{"href":"https:\/\/thermo-fluides.com\/fr\/wp-json\/wp\/v2\/media?parent=8861"}],"curies":[{"name":"wp","href":"https:\/\/api.w.org\/{rel}","templated":true}]}}